{"id":10,"date":"2011-11-07T08:28:44","date_gmt":"2011-11-07T08:28:44","guid":{"rendered":"http:\/\/iceservice.pl\/?page_id=10"},"modified":"2011-12-28T14:09:28","modified_gmt":"2011-12-28T14:09:28","slug":"oferta","status":"publish","type":"page","link":"http:\/\/iceservice.pl\/?page_id=10","title":{"rendered":"Oferta"},"content":{"rendered":"<p style=\"text-align: justify;\">Wysoka jako\u015b\u0107 obs\u0142ugi przez Ice System Servis oraz bogata oferta urz\u0105dze\u0144, pozwalaj\u0105 spe\u0142nia\u0107 wszelkie oczekiwania Klienta zwi\u0105zane z klimatyzacj\u0105 komfortu w pomieszczeniach i pojazdach oraz w zakresie ch\u0142odnictwa przemys\u0142owego i transportowego. Powierzone zlecenia wykonujemy kompleksowo \u2013 od projektu przez dostaw\u0119, monta\u017c, a\u017c po uruchomienie instalacji oraz zapewniamy serwis oferowanych przez nas urz\u0105dze\u0144.<\/p>\n<p style=\"text-align: justify;\">Jeste\u015bmy firm\u0105 solidn\u0105 i godn\u0105 zaufania, Nasze ch\u0142odnie i klimatyzacja s\u0105 przez nas kompleksowo obs\u0142ugiwane. Specjalizujemy si\u0119 w funkcjonalno\u015bci i niezawodno\u015bci oferowanych przez nas system\u00f3w i rozwi\u0105za\u0144. Posiadamy bogate do\u015bwiadczenie, mamy zapewnione wsparcie najlepszych dystrybutor\u00f3w system\u00f3w i urz\u0105dze\u0144 ch\u0142odniczych jak r\u00f3wnie\u017c klimatyzacji. Zapewniamy klientom: wysok\u0105 jako\u015b\u0107 us\u0142ug i obs\u0142ugi klienta, wsparcie posprzeda\u017cowe, serwis gwarancyjny i pogwarancyjny, konkurencyjne ceny. Elastycznie dostosowujemy si\u0119 do indywidualnych potrzeb ka\u017cdego Klienta przy zastosowaniu nowoczesnych, atestowanych materia\u0142\u00f3w i efektywnych rozwi\u0105za\u0144 technicznych.<\/p>\n<p style=\"text-align: justify;\">Dzi\u0119ki wysokiej klasie kadrze zatrudnionej w Ice System Servis, gwarantujemy profesjonaln\u0105, kompetentn\u0105 i mi\u0142\u0105 obs\u0142ug\u0119 obejmuj\u0105c\u0105 doradztwo, sprzeda\u017c, monta\u017c oraz profesjonalny zakres us\u0142ug serwisowych w zakresie:<\/p>\n<p style=\"text-align: justify;\">&#8211; <a href=\"http:\/\/iceservice.pl\/?page_id=14\">ch\u0142odnictwo przemys\u0142owe\u00bb<\/a><\/p>\n<p style=\"text-align: justify;\">&#8211; <a href=\"http:\/\/iceservice.pl\/?page_id=16\">ch\u0142odnictwo transportowe\u00bb<\/a><\/p>\n<p style=\"text-align: justify;\">&#8211; <a href=\"http:\/\/iceservice.pl\/?page_id=18\">klimatyzacja pomieszcze\u0144\u00bb<\/a><\/p>\n<p style=\"text-align: justify;\">&#8211; <a href=\"http:\/\/iceservice.pl\/?page_id=20\">autoklimatyzacja\u00bb<\/a><\/p>\n<p style=\"text-align: justify;\">Zapraszamy do sk\u0142adania zapyta\u0144 ofertowych, nasi doradcy dobior\u0105 odpowiednie rozwi\u0105zanie i sporz\u0105dz\u0105 wycen\u0119.<\/p>\n","protected":false},"excerpt":{"rendered":"<p>Wysoka jako\u015b\u0107 obs\u0142ugi przez Ice System Servis oraz bogata oferta urz\u0105dze\u0144, pozwalaj\u0105 spe\u0142nia\u0107 wszelkie oczekiwania Klienta zwi\u0105zane z klimatyzacj\u0105 komfortu w pomieszczeniach i pojazdach oraz w zakresie ch\u0142odnictwa przemys\u0142owego i transportowego. Powierzone zlecenia wykonujemy kompleksowo \u2013 od projektu przez dostaw\u0119, monta\u017c, a\u017c po uruchomienie instalacji oraz zapewniamy serwis oferowanych przez nas urz\u0105dze\u0144. Jeste\u015bmy firm\u0105 solidn\u0105 [&hellip;]<\/p>\n","protected":false},"author":1,"featured_media":0,"parent":0,"menu_order":0,"comment_status":"closed","ping_status":"closed","template":"","meta":{"ngg_post_thumbnail":0,"footnotes":""},"_links":{"self":[{"href":"http:\/\/iceservice.pl\/index.php?rest_route=\/wp\/v2\/pages\/10"}],"collection":[{"href":"http:\/\/iceservice.pl\/index.php?rest_route=\/wp\/v2\/pages"}],"about":[{"href":"http:\/\/iceservice.pl\/index.php?rest_route=\/wp\/v2\/types\/page"}],"author":[{"embeddable":true,"href":"http:\/\/iceservice.pl\/index.php?rest_route=\/wp\/v2\/users\/1"}],"replies":[{"embeddable":true,"href":"http:\/\/iceservice.pl\/index.php?rest_route=%2Fwp%2Fv2%2Fcomments&post=10"}],"version-history":[{"count":7,"href":"http:\/\/iceservice.pl\/index.php?rest_route=\/wp\/v2\/pages\/10\/revisions"}],"predecessor-version":[{"id":12,"href":"http:\/\/iceservice.pl\/index.php?rest_route=\/wp\/v2\/pages\/10\/revisions\/12"}],"wp:attachment":[{"href":"http:\/\/iceservice.pl\/index.php?rest_route=%2Fwp%2Fv2%2Fmedia&parent=10"}],"curies":[{"name":"wp","href":"https:\/\/api.w.org\/{rel}","templated":true}]}}