{"id":32,"date":"2011-11-07T08:36:26","date_gmt":"2011-11-07T08:36:26","guid":{"rendered":"http:\/\/iceservice.pl\/?page_id=32"},"modified":"2011-12-28T21:35:39","modified_gmt":"2011-12-28T21:35:39","slug":"kontakt","status":"publish","type":"page","link":"http:\/\/iceservice.pl\/?page_id=32","title":{"rendered":"Kontakt"},"content":{"rendered":"<p>Ice System Service Piotr Bednarski<\/p>\n<p>ul. Jasna 17 c<br \/>\n78-100 Ko\u0142obrzeg<\/p>\n<p>tel. 94\u00a0354 66 69<br \/>\nfax 94\u00a0354 02 33<\/p>\n<p><a href=\"mailto:iceservice@wp.pl\">iceservice@wp.pl<\/a><br \/>\n<iframe loading=\"lazy\" src=\"http:\/\/maps.google.pl\/maps?f=q&amp;source=s_q&amp;hl=pl&amp;geocode=&amp;q=Jasna+17,+Ko%C5%82obrzeg&amp;aq=0&amp;sll=52.025459,19.204102&amp;sspn=7.737188,14.128418&amp;vpsrc=0&amp;ie=UTF8&amp;hq=&amp;hnear=Jasna+17,+Ko%C5%82obrzeg,+ko%C5%82obrzeski,+Zachodniopomorskie&amp;t=m&amp;ll=54.166153,15.546598&amp;spn=0.017587,0.05579&amp;z=14&amp;iwloc=A&amp;output=embed\" frameborder=\"0\" marginwidth=\"0\" marginheight=\"0\" scrolling=\"no\" width=\"650\" height=\"350\"><\/iframe><br \/>\n<small><a style=\"color: #0000ff; text-align: left;\" href=\"http:\/\/maps.google.pl\/maps?f=q&amp;source=embed&amp;hl=pl&amp;geocode=&amp;q=Jasna+17,+Ko%C5%82obrzeg&amp;aq=0&amp;sll=52.025459,19.204102&amp;sspn=7.737188,14.128418&amp;vpsrc=0&amp;ie=UTF8&amp;hq=&amp;hnear=Jasna+17,+Ko%C5%82obrzeg,+ko%C5%82obrzeski,+Zachodniopomorskie&amp;t=m&amp;ll=54.166153,15.546598&amp;spn=0.017587,0.05579&amp;z=14&amp;iwloc=&#038;amp\">Wy\u015bwietl wi\u0119ksz\u0105 map\u0119<\/a><\/small><\/p>\n","protected":false},"excerpt":{"rendered":"<p>Ice System Service Piotr Bednarski ul. Jasna 17 c 78-100 Ko\u0142obrzeg tel. 94\u00a0354 66 69 fax 94\u00a0354 02 33 iceservice@wp.pl Wy\u015bwietl wi\u0119ksz\u0105 map\u0119<\/p>\n","protected":false},"author":1,"featured_media":0,"parent":0,"menu_order":8,"comment_status":"closed","ping_status":"closed","template":"","meta":{"ngg_post_thumbnail":0,"footnotes":""},"_links":{"self":[{"href":"http:\/\/iceservice.pl\/index.php?rest_route=\/wp\/v2\/pages\/32"}],"collection":[{"href":"http:\/\/iceservice.pl\/index.php?rest_route=\/wp\/v2\/pages"}],"about":[{"href":"http:\/\/iceservice.pl\/index.php?rest_route=\/wp\/v2\/types\/page"}],"author":[{"embeddable":true,"href":"http:\/\/iceservice.pl\/index.php?rest_route=\/wp\/v2\/users\/1"}],"replies":[{"embeddable":true,"href":"http:\/\/iceservice.pl\/index.php?rest_route=%2Fwp%2Fv2%2Fcomments&post=32"}],"version-history":[{"count":6,"href":"http:\/\/iceservice.pl\/index.php?rest_route=\/wp\/v2\/pages\/32\/revisions"}],"predecessor-version":[{"id":92,"href":"http:\/\/iceservice.pl\/index.php?rest_route=\/wp\/v2\/pages\/32\/revisions\/92"}],"wp:attachment":[{"href":"http:\/\/iceservice.pl\/index.php?rest_route=%2Fwp%2Fv2%2Fmedia&parent=32"}],"curies":[{"name":"wp","href":"https:\/\/api.w.org\/{rel}","templated":true}]}}