{"id":47,"date":"2011-11-07T08:54:18","date_gmt":"2011-11-07T08:54:18","guid":{"rendered":"http:\/\/iceservice.pl\/?page_id=47"},"modified":"2011-11-07T08:54:18","modified_gmt":"2011-11-07T08:54:18","slug":"dla-domu","status":"publish","type":"page","link":"http:\/\/iceservice.pl\/?page_id=47","title":{"rendered":"Dla domu"},"content":{"rendered":"<p style=\"text-align: justify;\">Klimatyzacja w domu zapewnia odpowiedni\u0105 temperatur\u0119 i wilgotno\u015b\u0107 powietrza, zapewnia dzi\u0119ki temu odpowiednie warunki do prawid\u0142owego \u017cycia i funkcjonowania cz\u0142owieka. Klimatyzator w domu zapewnia oczyszczanie powietrza, kt\u00f3ra usuwa zanieczyszczenia, roztocza i r\u00f3\u017cnego rodzaju py\u0142ki, niweluje r\u00f3wnie\u017c powstawaniu nieprzyjemnego zapachu. Domowe klimatyzatory s\u0105 o obni\u017conym poziomie ha\u0142asu. Przy wykorzystaniu oferowanych przez nas klimatyzator\u00f3w, umo\u017cliwione jest sch\u0142adzanie jak i stosunkowo tanie dogrzewanie mieszka\u0144 (przy wykorzystaniu pomp ciep\u0142a).<\/p>\n","protected":false},"excerpt":{"rendered":"<p>Klimatyzacja w domu zapewnia odpowiedni\u0105 temperatur\u0119 i wilgotno\u015b\u0107 powietrza, zapewnia dzi\u0119ki temu odpowiednie warunki do prawid\u0142owego \u017cycia i funkcjonowania cz\u0142owieka. Klimatyzator w domu zapewnia oczyszczanie powietrza, kt\u00f3ra usuwa zanieczyszczenia, roztocza i r\u00f3\u017cnego rodzaju py\u0142ki, niweluje r\u00f3wnie\u017c powstawaniu nieprzyjemnego zapachu. Domowe klimatyzatory s\u0105 o obni\u017conym poziomie ha\u0142asu. Przy wykorzystaniu oferowanych przez nas klimatyzator\u00f3w, umo\u017cliwione jest sch\u0142adzanie [&hellip;]<\/p>\n","protected":false},"author":1,"featured_media":0,"parent":18,"menu_order":0,"comment_status":"closed","ping_status":"closed","template":"","meta":{"ngg_post_thumbnail":0,"footnotes":""},"_links":{"self":[{"href":"http:\/\/iceservice.pl\/index.php?rest_route=\/wp\/v2\/pages\/47"}],"collection":[{"href":"http:\/\/iceservice.pl\/index.php?rest_route=\/wp\/v2\/pages"}],"about":[{"href":"http:\/\/iceservice.pl\/index.php?rest_route=\/wp\/v2\/types\/page"}],"author":[{"embeddable":true,"href":"http:\/\/iceservice.pl\/index.php?rest_route=\/wp\/v2\/users\/1"}],"replies":[{"embeddable":true,"href":"http:\/\/iceservice.pl\/index.php?rest_route=%2Fwp%2Fv2%2Fcomments&post=47"}],"version-history":[{"count":1,"href":"http:\/\/iceservice.pl\/index.php?rest_route=\/wp\/v2\/pages\/47\/revisions"}],"predecessor-version":[{"id":48,"href":"http:\/\/iceservice.pl\/index.php?rest_route=\/wp\/v2\/pages\/47\/revisions\/48"}],"up":[{"embeddable":true,"href":"http:\/\/iceservice.pl\/index.php?rest_route=\/wp\/v2\/pages\/18"}],"wp:attachment":[{"href":"http:\/\/iceservice.pl\/index.php?rest_route=%2Fwp%2Fv2%2Fmedia&parent=47"}],"curies":[{"name":"wp","href":"https:\/\/api.w.org\/{rel}","templated":true}]}}