{"id":8,"date":"2011-11-07T08:28:03","date_gmt":"2011-11-07T08:28:03","guid":{"rendered":"http:\/\/iceservice.pl\/?page_id=8"},"modified":"2011-12-28T21:29:01","modified_gmt":"2011-12-28T21:29:01","slug":"o-nas","status":"publish","type":"page","link":"http:\/\/iceservice.pl\/?page_id=8","title":{"rendered":"O nas"},"content":{"rendered":"<p style=\"text-align: justify;\">Nasza firma Ice System Service Piotr Bednarski zapewnia profesjonalne podej\u015bcie do ka\u017cdych Pa\u0144stwa potrzeb. Dzi\u0119ki licznym szkoleniom nasza kadra pracownicza s\u0142u\u017cy rzeteln\u0105, fachow\u0105 i kompetentn\u0105 informacj\u0105 dotycz\u0105c\u0105 ch\u0142odnictwa i klimatyzacji. Nasi pracownicy to wykwalifikowani in\u017cynierowie oraz do\u015bwiadczeni monterzy.<\/p>\n<p style=\"text-align: justify;\">W relacjach z Klientem kierujemy si\u0119 warto\u015bciami, kt\u00f3re wed\u0142ug nas s\u0105 najwa\u017cniejsze w\u00a0 wykonywaniu naszej pracy \u2013 w przyjmowaniu oraz realizacji zlece\u0144: wspomniana ju\u017c wy\u017cej rzetelno\u015b\u0107 i kompetencja, terminowo\u015b\u0107, wiarygodno\u015b\u0107, odpowiedzialno\u015b\u0107, solidno\u015b\u0107\u00a0 i wysoka kultura osobista pracownik\u00f3w oraz uczciwa i partnerska wsp\u00f3\u0142praca.<\/p>\n<p style=\"text-align: justify;\">Zapewniamy Pa\u0144stwu kompleksow\u0105 obs\u0142ug\u0119 w zakresie:<\/p>\n<p style=\"text-align: justify;\">&#8211; ch\u0142odnictwa przemys\u0142owego;<\/p>\n<p style=\"text-align: justify;\">&#8211; ch\u0142odnictwa transportowego;<\/p>\n<p style=\"text-align: justify;\">&#8211; klimatyzacji pomieszcze\u0144 zar\u00f3wno w obiektach indywidulanych, w zak\u0142adach przemys\u0142owych, obiektach gastronomicznych, w budynkach u\u017cyteczno\u015bci publicznej<\/p>\n<p style=\"text-align: justify;\">&#8211; autoklimatyzacji.<\/p>\n<p style=\"text-align: justify;\">W celu fachowego wykonania naszej pracy, korzystamy z urz\u0105dze\u0144, materia\u0142\u00f3w, podzespo\u0142\u00f3w &#8211; znanych i renomowanych polskich oraz docenianych og\u00f3lno\u015bwiatowych producent\u00f3w, takich jak: Webasto, LG, Samsung, Electra, Toshiba, Rcool. Realizuj\u0105c zadania zlecone przez naszych Klient\u00f3w, korzystamy ze zdobytego do\u015bwiadczenia, wiedzy, jak r\u00f3wnie\u017c z nowoczesnych rozwi\u0105za\u0144 technologicznych, kt\u00f3re maj\u0105 na celu, aby sprosta\u0107 wymaganiom Klienta przy jednoczesnym za\u0142o\u017ceniu maksymalnej oszcz\u0119dno\u015bci w codziennej eksploatacji.<\/p>\n<p style=\"text-align: justify;\">Firma od lat z sukcesem wsp\u00f3\u0142pracuje z kontrahentami i klientami, jest odpowiedzialnym i cenionym partnerem biznesowym.<\/p>\n<p style=\"text-align: right;\">Zapraszamy Pa\u0144stwa do zapoznania si\u0119 z nasz\u0105 ofert\u0105.<\/p>\n","protected":false},"excerpt":{"rendered":"<p>Nasza firma Ice System Service Piotr Bednarski zapewnia profesjonalne podej\u015bcie do ka\u017cdych Pa\u0144stwa potrzeb. Dzi\u0119ki licznym szkoleniom nasza kadra pracownicza s\u0142u\u017cy rzeteln\u0105, fachow\u0105 i kompetentn\u0105 informacj\u0105 dotycz\u0105c\u0105 ch\u0142odnictwa i klimatyzacji. Nasi pracownicy to wykwalifikowani in\u017cynierowie oraz do\u015bwiadczeni monterzy. W relacjach z Klientem kierujemy si\u0119 warto\u015bciami, kt\u00f3re wed\u0142ug nas s\u0105 najwa\u017cniejsze w\u00a0 wykonywaniu naszej pracy \u2013 [&hellip;]<\/p>\n","protected":false},"author":1,"featured_media":0,"parent":0,"menu_order":0,"comment_status":"closed","ping_status":"closed","template":"","meta":{"ngg_post_thumbnail":0,"footnotes":""},"_links":{"self":[{"href":"http:\/\/iceservice.pl\/index.php?rest_route=\/wp\/v2\/pages\/8"}],"collection":[{"href":"http:\/\/iceservice.pl\/index.php?rest_route=\/wp\/v2\/pages"}],"about":[{"href":"http:\/\/iceservice.pl\/index.php?rest_route=\/wp\/v2\/types\/page"}],"author":[{"embeddable":true,"href":"http:\/\/iceservice.pl\/index.php?rest_route=\/wp\/v2\/users\/1"}],"replies":[{"embeddable":true,"href":"http:\/\/iceservice.pl\/index.php?rest_route=%2Fwp%2Fv2%2Fcomments&post=8"}],"version-history":[{"count":4,"href":"http:\/\/iceservice.pl\/index.php?rest_route=\/wp\/v2\/pages\/8\/revisions"}],"predecessor-version":[{"id":89,"href":"http:\/\/iceservice.pl\/index.php?rest_route=\/wp\/v2\/pages\/8\/revisions\/89"}],"wp:attachment":[{"href":"http:\/\/iceservice.pl\/index.php?rest_route=%2Fwp%2Fv2%2Fmedia&parent=8"}],"curies":[{"name":"wp","href":"https:\/\/api.w.org\/{rel}","templated":true}]}}