{"id":18,"date":"2011-11-07T08:32:24","date_gmt":"2011-11-07T08:32:24","guid":{"rendered":"http:\/\/iceservice.pl\/?page_id=18"},"modified":"2011-12-28T14:13:45","modified_gmt":"2011-12-28T14:13:45","slug":"klimatyzacja-pomieszczen","status":"publish","type":"page","link":"https:\/\/iceservice.pl\/?page_id=18","title":{"rendered":"Klimatyzacja pomieszcze\u0144"},"content":{"rendered":"<p style=\"text-align: justify;\">Klimatyzacja pomieszcze\u0144 jest bardzo wa\u017cnym i dodatkowym czynnikiem wp\u0142ywaj\u0105cym na komfort pracy cz\u0142owieka i optymalne dzia\u0142anie maszyn i urz\u0105dze\u0144 w przemy\u015ble. Ice System Service dostarcza Pa\u0144stwu klimatyzacj\u0119:<\/p>\n<p style=\"text-align: justify;\">&#8211; <a href=\"http:\/\/iceservice.pl\/?page_id=47\">dla domu\u00bb<\/a><\/p>\n<p style=\"text-align: justify;\">&#8211; <a href=\"http:\/\/iceservice.pl\/?page_id=49\">dla biura\u00bb<\/a><\/p>\n<p style=\"text-align: justify;\">&#8211;\u00a0 <a href=\"http:\/\/iceservice.pl\/?page_id=52\">dla przemys\u0142u\u00bb<\/a><\/p>\n<p style=\"text-align: justify;\">Dob\u00f3r klimatyzacji zale\u017cy od wielu czynnik\u00f3w, takich jak: warunki pogodowe zewn\u0119trzne na kt\u00f3re cz\u0142owiek nie ma wp\u0142ywu (opady atmosferyczne, nas\u0142onecznienie, pr\u0119dko\u015b\u0107 wiatru, pora roku), pr\u0119dko\u015b\u0107, wilgotno\u015b\u0107 i temperatura powietrza w pomieszczeniu. Dob\u00f3r klimatyzatora zale\u017cny jest tak\u017ce od ilo\u015bci os\u00f3b i poziomu ich aktywno\u015bci fizycznej w pomieszczeniu oraz od intensywno\u015bci otoczenia, ilo\u015bci i rodzaju urz\u0105dze\u0144 mechanicznych,\u00a0 poziomu g\u0142o\u015bno\u015bci, zapachu od \u015bredniego gradientu temperatury powietrza w pomieszczeniu.<\/p>\n","protected":false},"excerpt":{"rendered":"<p>Klimatyzacja pomieszcze\u0144 jest bardzo wa\u017cnym i dodatkowym czynnikiem wp\u0142ywaj\u0105cym na komfort pracy cz\u0142owieka i optymalne dzia\u0142anie maszyn i urz\u0105dze\u0144 w przemy\u015ble. Ice System Service dostarcza Pa\u0144stwu klimatyzacj\u0119: &#8211; dla domu\u00bb &#8211; dla biura\u00bb &#8211;\u00a0 dla przemys\u0142u\u00bb Dob\u00f3r klimatyzacji zale\u017cy od wielu czynnik\u00f3w, takich jak: warunki pogodowe zewn\u0119trzne na kt\u00f3re cz\u0142owiek nie ma wp\u0142ywu (opady atmosferyczne, [&hellip;]<\/p>\n","protected":false},"author":1,"featured_media":0,"parent":10,"menu_order":0,"comment_status":"closed","ping_status":"closed","template":"","meta":{"ngg_post_thumbnail":0,"footnotes":""},"_links":{"self":[{"href":"https:\/\/iceservice.pl\/index.php?rest_route=\/wp\/v2\/pages\/18"}],"collection":[{"href":"https:\/\/iceservice.pl\/index.php?rest_route=\/wp\/v2\/pages"}],"about":[{"href":"https:\/\/iceservice.pl\/index.php?rest_route=\/wp\/v2\/types\/page"}],"author":[{"embeddable":true,"href":"https:\/\/iceservice.pl\/index.php?rest_route=\/wp\/v2\/users\/1"}],"replies":[{"embeddable":true,"href":"https:\/\/iceservice.pl\/index.php?rest_route=%2Fwp%2Fv2%2Fcomments&post=18"}],"version-history":[{"count":7,"href":"https:\/\/iceservice.pl\/index.php?rest_route=\/wp\/v2\/pages\/18\/revisions"}],"predecessor-version":[{"id":59,"href":"https:\/\/iceservice.pl\/index.php?rest_route=\/wp\/v2\/pages\/18\/revisions\/59"}],"up":[{"embeddable":true,"href":"https:\/\/iceservice.pl\/index.php?rest_route=\/wp\/v2\/pages\/10"}],"wp:attachment":[{"href":"https:\/\/iceservice.pl\/index.php?rest_route=%2Fwp%2Fv2%2Fmedia&parent=18"}],"curies":[{"name":"wp","href":"https:\/\/api.w.org\/{rel}","templated":true}]}}