{"id":24,"date":"2011-11-07T08:34:14","date_gmt":"2011-11-07T08:34:14","guid":{"rendered":"http:\/\/iceservice.pl\/?page_id=24"},"modified":"2011-11-07T08:57:51","modified_gmt":"2011-11-07T08:57:51","slug":"serwis","status":"publish","type":"page","link":"https:\/\/iceservice.pl\/?page_id=24","title":{"rendered":"Serwis"},"content":{"rendered":"<p style=\"text-align: justify;\">W celu zwi\u0119kszenia cyklu \u017cycia urz\u0105dze\u0144 ch\u0142odniczych i klimatyzacyjnych, oferujemy Pa\u0144stwu szeroki wachlarz us\u0142ug serwisowych.<\/p>\n<p style=\"text-align: justify;\">Zakres prac serwisowych oferowanych przez nasz\u0105 firm\u0119:<\/p>\n<p style=\"text-align: justify;\">&#8211; serwis uk\u0142ad\u00f3w i urz\u0105dze\u0144 klimatyzacyjnych (w tym klimatyzacji samochodowej);<\/p>\n<p style=\"text-align: justify;\">&#8211; czyszczenie instalacji klimatyzacyjnych oraz filtr\u00f3w;<\/p>\n<p style=\"text-align: justify;\">&#8211; odgrzybianie instalacji klimatycznej;<\/p>\n<p style=\"text-align: justify;\">&#8211; serwis klimatyzator\u00f3w;<\/p>\n<p style=\"text-align: justify;\">&#8211; serwis uk\u0142ad\u00f3w ch\u0142odniczych;<\/p>\n<p style=\"text-align: justify;\">&#8211; czyszczenie instalacji ch\u0142odniczych oraz filtr\u00f3w;<\/p>\n<p style=\"text-align: justify;\">&#8211; odgrzybianie instalacji ch\u0142odniczych;<\/p>\n<p style=\"text-align: justify;\">&#8211; serwis ch\u0142odni;<\/p>\n<p style=\"text-align: justify;\">&#8211; pomiary wydajno\u015bci.<\/p>\n","protected":false},"excerpt":{"rendered":"<p>W celu zwi\u0119kszenia cyklu \u017cycia urz\u0105dze\u0144 ch\u0142odniczych i klimatyzacyjnych, oferujemy Pa\u0144stwu szeroki wachlarz us\u0142ug serwisowych. Zakres prac serwisowych oferowanych przez nasz\u0105 firm\u0119: &#8211; serwis uk\u0142ad\u00f3w i urz\u0105dze\u0144 klimatyzacyjnych (w tym klimatyzacji samochodowej); &#8211; czyszczenie instalacji klimatyzacyjnych oraz filtr\u00f3w; &#8211; odgrzybianie instalacji klimatycznej; &#8211; serwis klimatyzator\u00f3w; &#8211; serwis uk\u0142ad\u00f3w ch\u0142odniczych; &#8211; czyszczenie instalacji ch\u0142odniczych oraz filtr\u00f3w; [&hellip;]<\/p>\n","protected":false},"author":1,"featured_media":0,"parent":0,"menu_order":0,"comment_status":"closed","ping_status":"closed","template":"","meta":{"ngg_post_thumbnail":0,"footnotes":""},"_links":{"self":[{"href":"https:\/\/iceservice.pl\/index.php?rest_route=\/wp\/v2\/pages\/24"}],"collection":[{"href":"https:\/\/iceservice.pl\/index.php?rest_route=\/wp\/v2\/pages"}],"about":[{"href":"https:\/\/iceservice.pl\/index.php?rest_route=\/wp\/v2\/types\/page"}],"author":[{"embeddable":true,"href":"https:\/\/iceservice.pl\/index.php?rest_route=\/wp\/v2\/users\/1"}],"replies":[{"embeddable":true,"href":"https:\/\/iceservice.pl\/index.php?rest_route=%2Fwp%2Fv2%2Fcomments&post=24"}],"version-history":[{"count":2,"href":"https:\/\/iceservice.pl\/index.php?rest_route=\/wp\/v2\/pages\/24\/revisions"}],"predecessor-version":[{"id":55,"href":"https:\/\/iceservice.pl\/index.php?rest_route=\/wp\/v2\/pages\/24\/revisions\/55"}],"wp:attachment":[{"href":"https:\/\/iceservice.pl\/index.php?rest_route=%2Fwp%2Fv2%2Fmedia&parent=24"}],"curies":[{"name":"wp","href":"https:\/\/api.w.org\/{rel}","templated":true}]}}