{"id":52,"date":"2011-11-07T08:56:22","date_gmt":"2011-11-07T08:56:22","guid":{"rendered":"http:\/\/iceservice.pl\/?page_id=52"},"modified":"2011-11-07T08:56:22","modified_gmt":"2011-11-07T08:56:22","slug":"dla-przemyslu","status":"publish","type":"page","link":"https:\/\/iceservice.pl\/?page_id=52","title":{"rendered":"Dla przemys\u0142u"},"content":{"rendered":"<p style=\"text-align: justify;\">Oferujemy Pa\u0144stwu systemy klimatyzacyjne na du\u017c\u0105 skal\u0119 \u2013 w celu sklimatyzowania du\u017cych powierzchni biurowych, budynk\u00f3w, magazyn\u00f3w, obiekt\u00f3w handlowych, hal sportowych i hoteli. Klimatyzacja w przemy\u015ble, tak jak klimatyzacja w biurze i w domu zapewnia optymalne warunki do pracy, \u017cycia i funkcjonowania cz\u0142owieka \u2013 pod k\u0105tem zar\u00f3wno utrzymania odpowiedniej temperatury, jak i wilgotno\u015bci powietrza. Opr\u00f3cz wp\u0142ywu na \u017cycie cz\u0142owieka, klimatyzacja przemys\u0142owa stwarza optymalne warunki dla okre\u015blonego procesu przemys\u0142owego poprzez zapewnienie odpowiedniego mikroklimatu. Nie rzadko wa\u017cne w przemy\u015ble jest r\u00f3wnie\u017c zapewnienie czysto\u015bci powietrza, kt\u00f3r\u0105 to czysto\u015b\u0107 otrzymujemy przy wykorzystaniu klimatyzatora.<\/p>\n","protected":false},"excerpt":{"rendered":"<p>Oferujemy Pa\u0144stwu systemy klimatyzacyjne na du\u017c\u0105 skal\u0119 \u2013 w celu sklimatyzowania du\u017cych powierzchni biurowych, budynk\u00f3w, magazyn\u00f3w, obiekt\u00f3w handlowych, hal sportowych i hoteli. Klimatyzacja w przemy\u015ble, tak jak klimatyzacja w biurze i w domu zapewnia optymalne warunki do pracy, \u017cycia i funkcjonowania cz\u0142owieka \u2013 pod k\u0105tem zar\u00f3wno utrzymania odpowiedniej temperatury, jak i wilgotno\u015bci powietrza. Opr\u00f3cz wp\u0142ywu [&hellip;]<\/p>\n","protected":false},"author":1,"featured_media":0,"parent":18,"menu_order":0,"comment_status":"closed","ping_status":"closed","template":"","meta":{"ngg_post_thumbnail":0,"footnotes":""},"_links":{"self":[{"href":"https:\/\/iceservice.pl\/index.php?rest_route=\/wp\/v2\/pages\/52"}],"collection":[{"href":"https:\/\/iceservice.pl\/index.php?rest_route=\/wp\/v2\/pages"}],"about":[{"href":"https:\/\/iceservice.pl\/index.php?rest_route=\/wp\/v2\/types\/page"}],"author":[{"embeddable":true,"href":"https:\/\/iceservice.pl\/index.php?rest_route=\/wp\/v2\/users\/1"}],"replies":[{"embeddable":true,"href":"https:\/\/iceservice.pl\/index.php?rest_route=%2Fwp%2Fv2%2Fcomments&post=52"}],"version-history":[{"count":1,"href":"https:\/\/iceservice.pl\/index.php?rest_route=\/wp\/v2\/pages\/52\/revisions"}],"predecessor-version":[{"id":53,"href":"https:\/\/iceservice.pl\/index.php?rest_route=\/wp\/v2\/pages\/52\/revisions\/53"}],"up":[{"embeddable":true,"href":"https:\/\/iceservice.pl\/index.php?rest_route=\/wp\/v2\/pages\/18"}],"wp:attachment":[{"href":"https:\/\/iceservice.pl\/index.php?rest_route=%2Fwp%2Fv2%2Fmedia&parent=52"}],"curies":[{"name":"wp","href":"https:\/\/api.w.org\/{rel}","templated":true}]}}